{"id":1590,"date":"2023-04-08T09:20:02","date_gmt":"2023-04-08T07:20:02","guid":{"rendered":"https:\/\/imkerverein-troisdorf.de\/newWebsite\/?page_id=1590"},"modified":"2024-08-13T08:51:08","modified_gmt":"2024-08-13T06:51:08","slug":"zucht","status":"publish","type":"page","link":"https:\/\/imkerverein-troisdorf.de\/newWebsite\/zucht\/","title":{"rendered":"Zucht"},"content":{"rendered":"\t\t<div data-elementor-type=\"wp-page\" data-elementor-id=\"1590\" class=\"elementor elementor-1590\">\n\t\t\t\t<div class=\"elementor-element elementor-element-396d839 e-flex e-con-boxed e-con e-parent\" data-id=\"396d839\" data-element_type=\"container\" data-e-type=\"container\">\n\t\t\t\t\t<div class=\"e-con-inner\">\n\t\t\t\t<div class=\"elementor-element elementor-element-fa36f63 elementor-widget elementor-widget-heading\" data-id=\"fa36f63\" data-element_type=\"widget\" data-e-type=\"widget\" data-widget_type=\"heading.default\">\n\t\t\t\t<div class=\"elementor-widget-container\">\n\t\t\t\t\t<h2 class=\"elementor-heading-title elementor-size-default\">K\u00f6niginnenzucht<\/h2>\t\t\t\t<\/div>\n\t\t\t\t<\/div>\n\t\t<div class=\"elementor-element elementor-element-12834c3 e-flex e-con-boxed e-con e-child\" data-id=\"12834c3\" data-element_type=\"container\" data-e-type=\"container\">\n\t\t\t\t\t<div class=\"e-con-inner\">\n\t\t\t\t<div class=\"elementor-element elementor-element-2764483 elementor-widget elementor-widget-image\" data-id=\"2764483\" data-element_type=\"widget\" data-e-type=\"widget\" data-widget_type=\"image.default\">\n\t\t\t\t<div class=\"elementor-widget-container\">\n\t\t\t\t\t\t\t\t\t\t\t\t\t\t\t<img decoding=\"async\" src=\"https:\/\/imkerverein-troisdorf.de\/newWebsite\/wp-content\/uploads\/2023\/04\/queen-bee-g2e7a2e9b5_1920.jpg\" title=\"\" alt=\"\" loading=\"lazy\" \/>\t\t\t\t\t\t\t\t\t\t\t\t\t\t\t<\/div>\n\t\t\t\t<\/div>\n\t\t\t\t\t<\/div>\n\t\t\t\t<\/div>\n\t\t\t\t<div class=\"elementor-element elementor-element-bdc0a9c elementor-widget elementor-widget-text-editor\" data-id=\"bdc0a9c\" data-element_type=\"widget\" data-e-type=\"widget\" data-widget_type=\"text-editor.default\">\n\t\t\t\t<div class=\"elementor-widget-container\">\n\t\t\t\t\t\t\t\t\t<p>Die Bienenzucht ist wohl eine der wichtigsten, aber auch anspruchsvollsten Bereiche der Imkerei.<\/p><p>Hierbei ist uns im Verein besonders wichtig, dass unsere Bienen sanftm\u00fctig sind und ihren Stachel nur in brenzligen Ausnahmesituationen benutzen. Nur so ist es m\u00f6glich unseren Besuchern die Welt der Bienen zu zeigen, ohne dass die \u201eDamen\u201c Gebrauch von ihren Waffen machen.<\/p><p>Unser Zuchtwart hat seinen imkerlichen Schwerpunkt deshalb auf die Aufzucht von Bienenk\u00f6niginnen gerichtet und unterst\u00fctzt auch seine Imkerkollegen und Kolleginnen indem er Bienenk\u00f6niginnen zum Verkauf anbietet und diesen zur Seite steht.<\/p><p>Die Zuchtsession beginnt je nach Wetterlage und Jahr Ende April und endet erst gegen Ende August. Von der Erstellung des Pflegevolkes bis zur begatteten leistungsstarken K\u00f6nigin vergeht nat\u00fcrlich dementsprechend viel Zeit. Aus diesem Grund bieten wir unsere ersten K\u00f6niginnen erst im Mai an, um eine optimale Begattung zu gew\u00e4hrleisten.<\/p><p>Die K\u00f6niginnenzucht des Imkerverein Troisdorf 1904 e.V. legt besonders Wert auf die folgenden Kriterien:<\/p><ul><li>Sanftmut<\/li><li>Schwarmtr\u00e4gheit<\/li><li>Varroatoleranz<\/li><li>Ertrag<\/li><li>Widerstandsf\u00e4higkeit<\/li><li>Wabenstetigkeit<\/li><\/ul><p>Zur Zeit stehen keine K\u00f6niginnen zur Verf\u00fcgung.<\/p>\t\t\t\t\t\t\t\t<\/div>\n\t\t\t\t<\/div>\n\t\t\t\t\t<\/div>\n\t\t\t\t<\/div>\n\t\t\t\t<\/div>\n\t\t","protected":false},"excerpt":{"rendered":"<p>K\u00f6niginnenzucht Die Bienenzucht ist wohl eine der wichtigsten, aber auch anspruchsvollsten Bereiche der Imkerei. Hierbei ist uns im Verein besonders wichtig, dass unsere Bienen sanftm\u00fctig sind und ihren Stachel nur in brenzligen Ausnahmesituationen benutzen. Nur so ist es m\u00f6glich unseren Besuchern die Welt der Bienen zu zeigen, ohne dass die \u201eDamen\u201c Gebrauch von ihren Waffen [&hellip;]<\/p>\n","protected":false},"author":126,"featured_media":0,"parent":0,"menu_order":0,"comment_status":"closed","ping_status":"closed","template":"","meta":{"footnotes":""},"class_list":["post-1590","page","type-page","status-publish","hentry"],"_links":{"self":[{"href":"https:\/\/imkerverein-troisdorf.de\/newWebsite\/wp-json\/wp\/v2\/pages\/1590","targetHints":{"allow":["GET"]}}],"collection":[{"href":"https:\/\/imkerverein-troisdorf.de\/newWebsite\/wp-json\/wp\/v2\/pages"}],"about":[{"href":"https:\/\/imkerverein-troisdorf.de\/newWebsite\/wp-json\/wp\/v2\/types\/page"}],"author":[{"embeddable":true,"href":"https:\/\/imkerverein-troisdorf.de\/newWebsite\/wp-json\/wp\/v2\/users\/126"}],"replies":[{"embeddable":true,"href":"https:\/\/imkerverein-troisdorf.de\/newWebsite\/wp-json\/wp\/v2\/comments?post=1590"}],"version-history":[{"count":10,"href":"https:\/\/imkerverein-troisdorf.de\/newWebsite\/wp-json\/wp\/v2\/pages\/1590\/revisions"}],"predecessor-version":[{"id":2984,"href":"https:\/\/imkerverein-troisdorf.de\/newWebsite\/wp-json\/wp\/v2\/pages\/1590\/revisions\/2984"}],"wp:attachment":[{"href":"https:\/\/imkerverein-troisdorf.de\/newWebsite\/wp-json\/wp\/v2\/media?parent=1590"}],"curies":[{"name":"wp","href":"https:\/\/api.w.org\/{rel}","templated":true}]}}