{"id":1687,"date":"2023-04-29T09:43:37","date_gmt":"2023-04-29T07:43:37","guid":{"rendered":"https:\/\/imkerverein-troisdorf.de\/newWebsite\/?page_id=1687"},"modified":"2024-05-06T17:42:04","modified_gmt":"2024-05-06T15:42:04","slug":"bienenschwarm-service-2","status":"publish","type":"page","link":"https:\/\/imkerverein-troisdorf.de\/newWebsite\/kontakt\/bienenschwarm-service-2\/","title":{"rendered":"Bienenschwarm-Service"},"content":{"rendered":"\t\t<div data-elementor-type=\"wp-page\" data-elementor-id=\"1687\" class=\"elementor elementor-1687\">\n\t\t\t\t<div class=\"elementor-element elementor-element-1dd87a9 e-flex e-con-boxed e-con e-parent\" data-id=\"1dd87a9\" data-element_type=\"container\" data-e-type=\"container\">\n\t\t\t\t\t<div class=\"e-con-inner\">\n\t\t\t\t<div class=\"elementor-element elementor-element-53a11bc elementor-widget elementor-widget-text-editor\" data-id=\"53a11bc\" data-element_type=\"widget\" data-e-type=\"widget\" data-widget_type=\"text-editor.default\">\n\t\t\t\t<div class=\"elementor-widget-container\">\n\t\t\t\t\t\t\t\t\t<h2>Bienenschwarm-Service<\/h2>\n<p>\u00a0<\/p>\n<p>In Ihrem Garten oder an Ihrem Haus hat sich ein Bienenschwarm niedergelassen? Keine Panik, die Schwarmbienen haben den Honigmagen vor der Reise prall gef\u00fcllt und sind meistens tr\u00e4ge und harmlos. Ein Bienenschwarm macht f\u00fcr einen Nicht-Imker zwar einen gef\u00e4hrlichen Eindruck, ist aber im Gegenteil sehr harmlos und generell nicht agressiv, da er keine Brut oder Honigvorr\u00e4te zu verteidigen hat.<\/p>\n<p>Am besten rufen Sie den n\u00e4chsten Imker an oder den Vereinsvorsitzenden, der Ihnen den n\u00e4chstgelegenen Imker nennen kann.<\/p>\t\t\t\t\t\t\t\t<\/div>\n\t\t\t\t<\/div>\n\t\t\t\t<div class=\"elementor-element elementor-element-833a6dd elementor-widget elementor-widget-image\" data-id=\"833a6dd\" data-element_type=\"widget\" data-e-type=\"widget\" data-widget_type=\"image.default\">\n\t\t\t\t<div class=\"elementor-widget-container\">\n\t\t\t\t\t\t\t\t\t\t\t\t\t\t\t<img decoding=\"async\" src=\"https:\/\/imkerverein-troisdorf.de\/newWebsite\/wp-content\/uploads\/2023\/04\/Schwarm.jpg\" title=\"\" alt=\"\" loading=\"lazy\" \/>\t\t\t\t\t\t\t\t\t\t\t\t\t\t\t<\/div>\n\t\t\t\t<\/div>\n\t\t\t\t\t<\/div>\n\t\t\t\t<\/div>\n\t\t\t\t<section class=\"elementor-section elementor-top-section elementor-element elementor-element-6b82108d elementor-section-boxed elementor-section-height-default elementor-section-height-default\" data-id=\"6b82108d\" data-element_type=\"section\" data-e-type=\"section\">\n\t\t\t\t\t\t<div class=\"elementor-container elementor-column-gap-default\">\n\t\t\t\t\t<div class=\"elementor-column elementor-col-100 elementor-top-column elementor-element elementor-element-6aa52936\" data-id=\"6aa52936\" data-element_type=\"column\" data-e-type=\"column\">\n\t\t\t<div class=\"elementor-widget-wrap elementor-element-populated\">\n\t\t\t\t\t\t<div class=\"elementor-element elementor-element-727c3f28 elementor-widget elementor-widget-text-editor\" data-id=\"727c3f28\" data-element_type=\"widget\" data-e-type=\"widget\" data-widget_type=\"text-editor.default\">\n\t\t\t\t<div class=\"elementor-widget-container\">\n\t\t\t\t\t\t\t\t\t<p><\/p>\n<p class=\"has-medium-font-size\"><strong>Bei folgenden Imkern k\u00f6nnen Sie Schw\u00e4rme melden:<\/strong><\/p><div class=\"wp-block-columns\"><div class=\"wp-block-column\" style=\"flex-basis: 100%;\"><figure class=\"wp-block-table is-style-stripes\"><p><\/p>\n<table class=\"has-fixed-layout\" style=\"height: 485px;\" width=\"455\">\n<tbody>\n<tr>\n<td><strong>Name, Vorname<\/strong><\/td>\n<td><strong>PLZ, Stadt<\/strong><\/td>\n<td><strong>Stra\u00dfe, Hausnummer<\/strong><\/td>\n<td><strong>Telefon \/ Mobil<\/strong><\/td>\n<\/tr>\n<tr>\n<td><p>Boltze, Ingo (Fachmann f\u00fcr Wespenfragen)<\/p>\n<\/td><td><p>53842 Troisdorf-Altenrath<\/p>\n<\/td><td><p>Rambusch 45<\/p>\n<\/td><td>0176 \/ 22396275<br>\n<\/td><\/tr>\n<tr>\n<td>Haltrich, Holger<\/td>\n<td>53842 Troisdorf-Spich<\/td>\n<td>Pfarrer-Werrstr. 44<\/td>\n<td>0177 \/ 6486004<\/td>\n<\/tr>\n<tr>\n<td>H\u00fcbsch, Max<\/td>\n<td>53844 Troisdorf-Kriegsdorf<\/td>\n<td>Reichensteinstr. 26a<\/td>\n<td>02241 \/ 8498726<\/td>\n<\/tr>\n<tr>\n<td>Montag, Markus<\/td>\n<td>53757 Sankt Augustin<\/td>\n<td>Eisenachstr. 34<\/td>\n<td>0172 \/ 5694527<\/td>\n<\/tr>\n<tr>\n<td>Meurer, Dirk<\/td>\n<td>50364 H\u00fcrth<\/td>\n<td>Bergstr. 45<\/td>\n<td>0172 \/ 2116733<\/td>\n<\/tr>\n<\/tbody>\n<\/table>\n<\/figure>\n<p><\/p>\n<\/div>\n<p><!-- \/wp:column --><\/p>\n<\/div>\n<p><!-- \/wp:columns --><\/p>\t\t\t\t\t\t\t\t<\/div>\n\t\t\t\t<\/div>\n\t\t\t\t\t<\/div>\n\t\t<\/div>\n\t\t\t\t\t<\/div>\n\t\t<\/section>\n\t\t\t\t<\/div>\n\t\t","protected":false},"excerpt":{"rendered":"<p>Bienenschwarm-Service \u00a0 In Ihrem Garten oder an Ihrem Haus hat sich ein Bienenschwarm niedergelassen? Keine Panik, die Schwarmbienen haben den Honigmagen vor der Reise prall gef\u00fcllt und sind meistens tr\u00e4ge und harmlos. Ein Bienenschwarm macht f\u00fcr einen Nicht-Imker zwar einen gef\u00e4hrlichen Eindruck, ist aber im Gegenteil sehr harmlos und generell nicht agressiv, da er keine [&hellip;]<\/p>\n","protected":false},"author":126,"featured_media":0,"parent":7,"menu_order":0,"comment_status":"closed","ping_status":"closed","template":"","meta":{"footnotes":""},"class_list":["post-1687","page","type-page","status-publish","hentry"],"_links":{"self":[{"href":"https:\/\/imkerverein-troisdorf.de\/newWebsite\/wp-json\/wp\/v2\/pages\/1687","targetHints":{"allow":["GET"]}}],"collection":[{"href":"https:\/\/imkerverein-troisdorf.de\/newWebsite\/wp-json\/wp\/v2\/pages"}],"about":[{"href":"https:\/\/imkerverein-troisdorf.de\/newWebsite\/wp-json\/wp\/v2\/types\/page"}],"author":[{"embeddable":true,"href":"https:\/\/imkerverein-troisdorf.de\/newWebsite\/wp-json\/wp\/v2\/users\/126"}],"replies":[{"embeddable":true,"href":"https:\/\/imkerverein-troisdorf.de\/newWebsite\/wp-json\/wp\/v2\/comments?post=1687"}],"version-history":[{"count":10,"href":"https:\/\/imkerverein-troisdorf.de\/newWebsite\/wp-json\/wp\/v2\/pages\/1687\/revisions"}],"predecessor-version":[{"id":2823,"href":"https:\/\/imkerverein-troisdorf.de\/newWebsite\/wp-json\/wp\/v2\/pages\/1687\/revisions\/2823"}],"up":[{"embeddable":true,"href":"https:\/\/imkerverein-troisdorf.de\/newWebsite\/wp-json\/wp\/v2\/pages\/7"}],"wp:attachment":[{"href":"https:\/\/imkerverein-troisdorf.de\/newWebsite\/wp-json\/wp\/v2\/media?parent=1687"}],"curies":[{"name":"wp","href":"https:\/\/api.w.org\/{rel}","templated":true}]}}