{"id":195,"date":"2021-10-01T14:26:42","date_gmt":"2021-10-01T12:26:42","guid":{"rendered":"http:\/\/imkerverein-troisdorf.de\/newWebsite\/?page_id=195"},"modified":"2025-02-11T09:46:05","modified_gmt":"2025-02-11T08:46:05","slug":"aufgaben-und-zweck","status":"publish","type":"page","link":"https:\/\/imkerverein-troisdorf.de\/newWebsite\/ueber-uns\/aufgaben-und-zweck\/","title":{"rendered":"Aufgaben und Zweck"},"content":{"rendered":"\n<p><em>Der Verein bezweckt:<\/em><\/p>\n\n\n\n<figure class=\"wp-block-table\"><table><tbody><tr><td><strong>a)<\/strong><br><\/td><td>Durch F\u00f6rderung, der Haltung und Zucht von Bienen die Befruchtung und Best\u00e4ubung von Wildkulturen zu gew\u00e4hrleisten und dadurch einen wesentlichen Beitrag zum Natur- und Umweltschutz zu leisten.<\/td><\/tr><tr><td><strong>b)<\/strong><br><\/td><td>Durch Pflanzung und Erhaltung von B\u00e4umen, Str\u00e4uchern und anderen Pflanzen zur Sicherung bzw. Wiederherstellung \u00f6kologischer Belange beizutragen.<\/td><\/tr><tr><td><strong>c)<\/strong><br><\/td><td>Die Information der \u00d6ffentlichkeit, insbesondere der Schulen, \u00fcber das Leben der Bienen in der Natur sowie ihre Bedeutung f\u00fcr die Landschaftspflege, den Umweltschutz und das \u00f6kologische Gleichgewicht.<\/td><\/tr><tr><td><strong>d)<\/strong><\/td><td>Die Betreuung, Beratung und Schulung jugendlicher Mitglieder.<\/td><\/tr><\/tbody><\/table><\/figure>\n\n\n\n<p><\/p>\n","protected":false},"excerpt":{"rendered":"<p>Der Verein bezweckt: a) Durch F\u00f6rderung, der Haltung und Zucht von Bienen die Befruchtung und Best\u00e4ubung von Wildkulturen zu gew\u00e4hrleisten und dadurch einen wesentlichen Beitrag zum Natur- und Umweltschutz zu leisten. b) Durch Pflanzung und Erhaltung von B\u00e4umen, Str\u00e4uchern und anderen Pflanzen zur Sicherung bzw. Wiederherstellung \u00f6kologischer Belange beizutragen. c) Die Information der \u00d6ffentlichkeit, insbesondere [&hellip;]<\/p>\n","protected":false},"author":1,"featured_media":0,"parent":6,"menu_order":0,"comment_status":"closed","ping_status":"closed","template":"","meta":{"footnotes":""},"class_list":["post-195","page","type-page","status-publish","hentry"],"_links":{"self":[{"href":"https:\/\/imkerverein-troisdorf.de\/newWebsite\/wp-json\/wp\/v2\/pages\/195","targetHints":{"allow":["GET"]}}],"collection":[{"href":"https:\/\/imkerverein-troisdorf.de\/newWebsite\/wp-json\/wp\/v2\/pages"}],"about":[{"href":"https:\/\/imkerverein-troisdorf.de\/newWebsite\/wp-json\/wp\/v2\/types\/page"}],"author":[{"embeddable":true,"href":"https:\/\/imkerverein-troisdorf.de\/newWebsite\/wp-json\/wp\/v2\/users\/1"}],"replies":[{"embeddable":true,"href":"https:\/\/imkerverein-troisdorf.de\/newWebsite\/wp-json\/wp\/v2\/comments?post=195"}],"version-history":[{"count":4,"href":"https:\/\/imkerverein-troisdorf.de\/newWebsite\/wp-json\/wp\/v2\/pages\/195\/revisions"}],"predecessor-version":[{"id":3236,"href":"https:\/\/imkerverein-troisdorf.de\/newWebsite\/wp-json\/wp\/v2\/pages\/195\/revisions\/3236"}],"up":[{"embeddable":true,"href":"https:\/\/imkerverein-troisdorf.de\/newWebsite\/wp-json\/wp\/v2\/pages\/6"}],"wp:attachment":[{"href":"https:\/\/imkerverein-troisdorf.de\/newWebsite\/wp-json\/wp\/v2\/media?parent=195"}],"curies":[{"name":"wp","href":"https:\/\/api.w.org\/{rel}","templated":true}]}}