{"id":204,"date":"2021-10-01T14:34:07","date_gmt":"2021-10-01T12:34:07","guid":{"rendered":"http:\/\/imkerverein-troisdorf.de\/newWebsite\/?page_id=204"},"modified":"2024-11-27T20:32:06","modified_gmt":"2024-11-27T19:32:06","slug":"impressum","status":"publish","type":"page","link":"https:\/\/imkerverein-troisdorf.de\/newWebsite\/impressum\/","title":{"rendered":"Impressum"},"content":{"rendered":"<p><strong>Angaben gem\u00e4\u00df \u00a7 5 DDG<\/strong><\/p>\n<p><b>Imkerverein Troisdorf 1904 e.V.<\/b><br role=\"presentation\" \/>Lerchenstr. 10<br \/>\n53859 Niederkassel<br role=\"presentation\" \/>Vereinsregister: VR 1014<br role=\"presentation\" \/>Registergericht: Amtsgericht Siegburg<\/p>\n<p><b>Bankverbindung:<\/b><br role=\"presentation\" \/>Kreissparkasse K\u00f6ln, Zweigstelle Troisdorf-Spich<br \/>\nIBAN: DE85370502990020009692<br \/>\nBIC: COKSDE33<\/p>\n<p><b>Vertreten durch:<\/b><br role=\"presentation\" \/>Thomas Rosenau, 1. Vorsitzender, Heidegraben 1, 53842 Troisdorf, Tel.: +49 178 \/ 514 066 2<br role=\"presentation\" \/>Gesch\u00e4ftsf\u00fchrer: Christian Klein, Lerchenstr. 10, 53859 Niederkassel, Tel.: +49 176 \/ 553 745 58<br role=\"presentation\" \/>Kassierer: Ralf Enkel, Brucknerstr. 65, 53844 Troisdorf, Tel.: +49 173 \/ 677 775 2<\/p>\n<p><strong>Kontakt<\/strong><br role=\"presentation\" \/>Telefon: +49 176 \/ 553 745 58<br role=\"presentation\" \/>E-Mail: info@imkerverein-troisdorf.de<\/p>\n<p><strong>Redaktionell verantwortlich<\/strong><br role=\"presentation\" \/>Thomas Rosenau, 1. Vorsitzender, Heidegraben 1, 53842 Troisdorf, Tel.: +49 (0)178 \/ 5140662<\/p>\n<p><br role=\"presentation\" \/><strong>EU-Streitschlichtung<\/strong><br role=\"presentation\" \/>Die Europ\u00e4ische Kommission stellt eine Plattform zur Online-Streitbeilegung (OS) bereit:<br role=\"presentation\" \/>https:\/\/ec.europa.eu\/consumers\/odr\/.<br role=\"presentation\" \/>Unsere E-Mail-Adresse finden Sie oben im Impressum.<\/p>\n<p><br role=\"presentation\" \/><strong>Verbraucherstreitbeilegung\/Universalschlichtungsstelle<\/strong><br role=\"presentation\" \/>Wir nehmen an einem Streitbeilegungsverfahren vor einer Verbraucherschlichtungsstelle teil. Zust\u00e4ndig ist<br role=\"presentation\" \/>die Universalschlichtungsstelle des Zentrums f\u00fcr Schlichtung e.V., Stra\u00dfburger Stra\u00dfe 8, 77694 Kehl am<br role=\"presentation\" \/>Rhein (https:\/\/www.verbraucher-schlichter.de)<\/p>\n<p>Quelle:<br role=\"presentation\" \/>https:\/\/www.e-recht24.de<\/p>\n","protected":false},"excerpt":{"rendered":"<p>Angaben gem\u00e4\u00df \u00a7 5 DDG Imkerverein Troisdorf 1904 e.V.Lerchenstr. 10 53859 NiederkasselVereinsregister: VR 1014Registergericht: Amtsgericht Siegburg Bankverbindung:Kreissparkasse K\u00f6ln, Zweigstelle Troisdorf-Spich IBAN: DE85370502990020009692 BIC: COKSDE33 Vertreten durch:Thomas Rosenau, 1. Vorsitzender, Heidegraben 1, 53842 Troisdorf, Tel.: +49 178 \/ 514 066 2Gesch\u00e4ftsf\u00fchrer: Christian Klein, Lerchenstr. 10, 53859 Niederkassel, Tel.: +49 176 \/ 553 745 58Kassierer: Ralf Enkel, [&hellip;]<\/p>\n","protected":false},"author":1,"featured_media":0,"parent":0,"menu_order":0,"comment_status":"closed","ping_status":"closed","template":"","meta":{"footnotes":""},"class_list":["post-204","page","type-page","status-publish","hentry"],"_links":{"self":[{"href":"https:\/\/imkerverein-troisdorf.de\/newWebsite\/wp-json\/wp\/v2\/pages\/204","targetHints":{"allow":["GET"]}}],"collection":[{"href":"https:\/\/imkerverein-troisdorf.de\/newWebsite\/wp-json\/wp\/v2\/pages"}],"about":[{"href":"https:\/\/imkerverein-troisdorf.de\/newWebsite\/wp-json\/wp\/v2\/types\/page"}],"author":[{"embeddable":true,"href":"https:\/\/imkerverein-troisdorf.de\/newWebsite\/wp-json\/wp\/v2\/users\/1"}],"replies":[{"embeddable":true,"href":"https:\/\/imkerverein-troisdorf.de\/newWebsite\/wp-json\/wp\/v2\/comments?post=204"}],"version-history":[{"count":10,"href":"https:\/\/imkerverein-troisdorf.de\/newWebsite\/wp-json\/wp\/v2\/pages\/204\/revisions"}],"predecessor-version":[{"id":3156,"href":"https:\/\/imkerverein-troisdorf.de\/newWebsite\/wp-json\/wp\/v2\/pages\/204\/revisions\/3156"}],"wp:attachment":[{"href":"https:\/\/imkerverein-troisdorf.de\/newWebsite\/wp-json\/wp\/v2\/media?parent=204"}],"curies":[{"name":"wp","href":"https:\/\/api.w.org\/{rel}","templated":true}]}}