{"id":217,"date":"2021-10-01T14:39:25","date_gmt":"2021-10-01T12:39:25","guid":{"rendered":"http:\/\/imkerverein-troisdorf.de\/newWebsite\/?page_id=217"},"modified":"2026-03-05T20:28:54","modified_gmt":"2026-03-05T19:28:54","slug":"fuehrungen","status":"publish","type":"page","link":"https:\/\/imkerverein-troisdorf.de\/newWebsite\/fuehrungen\/","title":{"rendered":"F\u00fchrungen"},"content":{"rendered":"\t\t<div data-elementor-type=\"wp-page\" data-elementor-id=\"217\" class=\"elementor elementor-217\">\n\t\t\t\t<div class=\"elementor-element elementor-element-6cce415 e-flex e-con-boxed e-con e-parent\" data-id=\"6cce415\" data-element_type=\"container\" data-e-type=\"container\">\n\t\t\t\t\t<div class=\"e-con-inner\">\n\t\t\t\t<div class=\"elementor-element elementor-element-3d5d59b elementor-widget__width-initial elementor-widget elementor-widget-text-editor\" data-id=\"3d5d59b\" data-element_type=\"widget\" data-e-type=\"widget\" data-widget_type=\"text-editor.default\">\n\t\t\t\t<div class=\"elementor-widget-container\">\n\t\t\t\t\t\t\t\t\t<h6 style=\"text-align: center;\"><strong>F\u00fchrungen am Lehrbienenstand<\/strong><\/h6><p>Zus\u00e4tzlich zu den <a href=\"https:\/\/imkerverein-troisdorf.de\/newWebsite\/lehrbienenstand-2\/\">regul\u00e4ren \u00d6ffnungszeiten<\/a> unseres Lehrbienenstandes im Waldpark Troisdorf bieten wir f\u00fcr Gruppen aus Kinderg\u00e4rten, Schulen, Berufskollegs oder anderen Einrichtungen und Organisationen verschiedene F\u00fchrungen bei unseren Bienenv\u00f6lkern an.<\/p><p>Unsere pers\u00f6nlichen F\u00fchrungen geben einen Einblick in die faszinierende Welt der Immen und der Imkerei. Sie sind individuell gestaltbar (Zeitumfang, Inhalt, usw.) und werden auf die jeweilige Altersgruppe und die Interessen abgestimmt.\u00a0<\/p><p>Dutzende Gruppen von kleinen und gro\u00dfen Menschen, jungen und alten, konnten wir in den letzten Jahren so die spannende und komplexe Welt der Honigbienen zeigen.\u00a0<\/p><p>\u00dcber das Postfach <strong><a href=\"mailto:fuehrungen@imkerverein-troisdorf.de\">fuehrungen@imkerverein-troisdorf.de<\/a><\/strong> k\u00f6nnen Sie Ihre Anfrage platzieren oder sich telefonisch mit\u00a0<strong style=\"text-align: var(--text-align);\">Sabine Zickermann <\/strong>unter <span style=\"text-align: var(--text-align);\">0160 \/ 96704113 in Verbindung setzen.<\/span><\/p>\t\t\t\t\t\t\t\t<\/div>\n\t\t\t\t<\/div>\n\t\t\t\t\t<\/div>\n\t\t\t\t<\/div>\n\t\t\t\t<\/div>\n\t\t","protected":false},"excerpt":{"rendered":"<p>F\u00fchrungen am Lehrbienenstand Zus\u00e4tzlich zu den regul\u00e4ren \u00d6ffnungszeiten unseres Lehrbienenstandes im Waldpark Troisdorf bieten wir f\u00fcr Gruppen aus Kinderg\u00e4rten, Schulen, Berufskollegs oder anderen Einrichtungen und Organisationen verschiedene F\u00fchrungen bei unseren Bienenv\u00f6lkern an. Unsere pers\u00f6nlichen F\u00fchrungen geben einen Einblick in die faszinierende Welt der Immen und der Imkerei. Sie sind individuell gestaltbar (Zeitumfang, Inhalt, usw.) und [&hellip;]<\/p>\n","protected":false},"author":1,"featured_media":0,"parent":0,"menu_order":0,"comment_status":"closed","ping_status":"closed","template":"","meta":{"footnotes":""},"class_list":["post-217","page","type-page","status-publish","hentry"],"_links":{"self":[{"href":"https:\/\/imkerverein-troisdorf.de\/newWebsite\/wp-json\/wp\/v2\/pages\/217","targetHints":{"allow":["GET"]}}],"collection":[{"href":"https:\/\/imkerverein-troisdorf.de\/newWebsite\/wp-json\/wp\/v2\/pages"}],"about":[{"href":"https:\/\/imkerverein-troisdorf.de\/newWebsite\/wp-json\/wp\/v2\/types\/page"}],"author":[{"embeddable":true,"href":"https:\/\/imkerverein-troisdorf.de\/newWebsite\/wp-json\/wp\/v2\/users\/1"}],"replies":[{"embeddable":true,"href":"https:\/\/imkerverein-troisdorf.de\/newWebsite\/wp-json\/wp\/v2\/comments?post=217"}],"version-history":[{"count":10,"href":"https:\/\/imkerverein-troisdorf.de\/newWebsite\/wp-json\/wp\/v2\/pages\/217\/revisions"}],"predecessor-version":[{"id":3654,"href":"https:\/\/imkerverein-troisdorf.de\/newWebsite\/wp-json\/wp\/v2\/pages\/217\/revisions\/3654"}],"wp:attachment":[{"href":"https:\/\/imkerverein-troisdorf.de\/newWebsite\/wp-json\/wp\/v2\/media?parent=217"}],"curies":[{"name":"wp","href":"https:\/\/api.w.org\/{rel}","templated":true}]}}