{"id":219,"date":"2021-10-01T14:40:07","date_gmt":"2021-10-01T12:40:07","guid":{"rendered":"http:\/\/imkerverein-troisdorf.de\/newWebsite\/?page_id=219"},"modified":"2026-02-17T20:23:16","modified_gmt":"2026-02-17T19:23:16","slug":"imker-werden","status":"publish","type":"page","link":"https:\/\/imkerverein-troisdorf.de\/newWebsite\/imker-werden\/","title":{"rendered":"Imker werden"},"content":{"rendered":"\n<p><strong>T\u00e4tigkeiten des Imkers<br><\/strong><br>Die Aufgabe des Imkers ist es, sich mit der Haltung und Vermehrung von Honigbienen sowie der Produktion von Honig und weiteren Bienenprodukten zu besch\u00e4ftigen. Imkerei ist eine sch\u00f6ne Freizeitbesch\u00e4ftigung f\u00fcr jede und jeden ohne Altersgrenze. Wichtigste Voraussetzung ist, man muss Spa\u00df daran haben, sich in der Natur wohlf\u00fchlen und darf keine Angst vor krabbelnden Tierchen haben.<\/p>\n\n\n\n<figure class=\"wp-block-table is-style-regular\"><table><tbody><tr><td>Ein Imker k\u00fcmmert sich w\u00e4hrend des gesamten Jahresverlaufs um seine Bienenv\u00f6lker, die dessen Hilfe teilweise auch notwendig haben. Die in den 70er Jahren aus Vorderasien eingeschleppte Varroa-Milbe ist mittlerweile in jedem Volk vorzufinden und bedarf einer Behandlung seitens des Imkers, da das komplette Bienenvolk sonst stirbt. Imker darf jeder ohne eine spezielle Ausbildung sein, jedoch gibt es auch einen zugeh\u00f6rigen Lehrberuf mit der Bezeichnung Tierwirt, Fachrichtung Imkerei.<\/td><td><img decoding=\"async\" src=\"http:\/\/www.imkerverein-troisdorf.de\/bilder\/wabe.jpg\" style=\"width: 700px;\"><\/td><\/tr><\/tbody><\/table><\/figure>\n\n\n\n<p>Zu den T\u00e4tigkeiten eines Imkers geh\u00f6rt neben der Versorgung seiner V\u00f6lker auch die &#8222;Jagd&#8220; nach herrenlosen Bienenschw\u00e4rmen. Falls sich also ein Bienenschwarm an Ihrem Haus oder in Ihrem Garten niedergelassen hat, kontaktieren Sie bitte einen unserer Imker. <a href=\"https:\/\/imkerverein-troisdorf.de\/newWebsite\/bienenschwarm-service-2\/\" data-type=\"page\" data-id=\"382\" target=\"_blank\" rel=\"noreferrer noopener\">Bienenschwarm-Service<\/a><br><br><strong>Imker werden<br><\/strong><br>In der Regel beginnt man in einer Hobby-Imkerei mit 2 bis 3 V\u00f6lker und wird dabei von einem Bienenpaten bei allen notwendigen Arbeiten an den V\u00f6lkern betreut und unterst\u00fctzt. In unserem Verein bekommt der Anf\u00e4nger meistens von seinem Bienenpaten das erste Volk (Ableger) geschenkt.<br><br>Wenn Sie Interesse an der Imkerei haben, laden wir Sie gerne in unseren <a href=\"https:\/\/imkerverein-troisdorf.de\/newWebsite\/lehrbienenstand\/\" data-type=\"page\" data-id=\"375\">Lehrbienenstand<\/a> (Waldpark Troisdorf) ein, der f\u00fcr die \u00d6ffentlichkeit von Mai bis September jeden 1. und 3. Sonntag im Monat zwischen 10 und 13 Uhr ge\u00f6ffnet ist. Hier beantworten wir gerne Ihre Fragen und vermitteln Ihnen gerne einen Bienenpaten.<br><br><strong>Anf\u00e4ngerkurse<\/strong><br><br>Unser 1. Vorsitzender Thomas Rosenau organisiert privat in jedem Jahr einen Anf\u00e4nger- und einen Fortgeschrittenenkurs f\u00fcr Interessierte, die etwas mehr \u00fcber die Honigbiene und Imkerei lernen wollen. Dieser Lehrgang gibt einen praktischen sowie theoretischen \u00dcberblick \u00fcber die imkerlichen Arbeiten im Verlauf eines Jahres an insgesamt 8 Terminen und ist nach der Schulungsmappe des Deutschen Imkerbundes sowie nach \u00f6kologischen Richtlinien konzipiert worden.<br>Bei Interesse melden Sie sich bitte direkt bei <a href=\"mailto:info@imkerverein-troisdorf.de\" data-type=\"mailto\" data-id=\"mailto:rosenau@imkerverein-troisdorf.de\" target=\"_blank\" rel=\"noreferrer noopener\">Herrn Rosenau<\/a> <\/p>\n\n\n\n<p>Auch 2026 wird ein Kurs stattfinden. Alle Informationen finden Sie <a href=\"https:\/\/imkerverein-troisdorf.de\/newWebsite\/2026\/02\/17\/imker-anfaengerkurs-2026\/\" data-type=\"link\" data-id=\"https:\/\/imkerverein-troisdorf.de\/newWebsite\/2024\/11\/08\/imkerkurs-fuer-anfaenger-ab-maerz-2025\/\">hier<\/a>.<\/p>\n\n\n\n<p><strong>Mitglied werden<\/strong><\/p>\n\n\n\n<p>Sie m\u00f6chten Mitglied im Imkerverein Troisdorf 1904 e. V. werden? <a href=\"https:\/\/imkerverein-troisdorf.de\/newWebsite\/imker-werden\/mitglied-werden\/\">Hier geht es zu unserem Mitgliederantrag.<\/a><\/p>\n","protected":false},"excerpt":{"rendered":"<p>T\u00e4tigkeiten des ImkersDie Aufgabe des Imkers ist es, sich mit der Haltung und Vermehrung von Honigbienen sowie der Produktion von Honig und weiteren Bienenprodukten zu besch\u00e4ftigen. Imkerei ist eine sch\u00f6ne Freizeitbesch\u00e4ftigung f\u00fcr jede und jeden ohne Altersgrenze. Wichtigste Voraussetzung ist, man muss Spa\u00df daran haben, sich in der Natur wohlf\u00fchlen und darf keine Angst vor [&hellip;]<\/p>\n","protected":false},"author":1,"featured_media":0,"parent":0,"menu_order":0,"comment_status":"closed","ping_status":"closed","template":"","meta":{"footnotes":""},"class_list":["post-219","page","type-page","status-publish","hentry"],"_links":{"self":[{"href":"https:\/\/imkerverein-troisdorf.de\/newWebsite\/wp-json\/wp\/v2\/pages\/219","targetHints":{"allow":["GET"]}}],"collection":[{"href":"https:\/\/imkerverein-troisdorf.de\/newWebsite\/wp-json\/wp\/v2\/pages"}],"about":[{"href":"https:\/\/imkerverein-troisdorf.de\/newWebsite\/wp-json\/wp\/v2\/types\/page"}],"author":[{"embeddable":true,"href":"https:\/\/imkerverein-troisdorf.de\/newWebsite\/wp-json\/wp\/v2\/users\/1"}],"replies":[{"embeddable":true,"href":"https:\/\/imkerverein-troisdorf.de\/newWebsite\/wp-json\/wp\/v2\/comments?post=219"}],"version-history":[{"count":8,"href":"https:\/\/imkerverein-troisdorf.de\/newWebsite\/wp-json\/wp\/v2\/pages\/219\/revisions"}],"predecessor-version":[{"id":3550,"href":"https:\/\/imkerverein-troisdorf.de\/newWebsite\/wp-json\/wp\/v2\/pages\/219\/revisions\/3550"}],"wp:attachment":[{"href":"https:\/\/imkerverein-troisdorf.de\/newWebsite\/wp-json\/wp\/v2\/media?parent=219"}],"curies":[{"name":"wp","href":"https:\/\/api.w.org\/{rel}","templated":true}]}}